{"id":13,"date":"2021-05-14T14:10:58","date_gmt":"2021-05-14T12:10:58","guid":{"rendered":"https:\/\/development.isartor-neugestaltung-muenchen.com\/?page_id=13"},"modified":"2021-08-10T12:59:29","modified_gmt":"2021-08-10T10:59:29","slug":"zur-fuehrung-anmelden","status":"publish","type":"page","link":"https:\/\/isartor-neugestaltung-muenchen.com\/en\/zur-fuehrung-anmelden\/","title":{"rendered":"register for the tour"},"content":{"rendered":"<div class=\"wp-block-columns is-layout-flex wp-container-core-columns-is-layout-9d6595d7 wp-block-columns-is-layout-flex\">\n<div class=\"wp-block-column is-layout-flow wp-block-column-is-layout-flow\" style=\"flex-basis:50%\">\n<p>Here you can register for one-hour private tour from the Isartor to the old town hall tower with the initiator and architect Markus Uhrig. The tour is free and takes place in all weathers.&nbsp;<\/p>\n\n\n\n<p>During the tour, Mr. Uhrig will present his urban planning concept to you and is looking forward to a lively exchange of ideas and ideas with all interested parties.<\/p>\n\n\n\n<p><strong>Current dates on Fridays from 5 to 6 p.m.<\/strong><\/p>\n\n\n\n<p>The meeting point is the Fortunabrunnen on Isartorplatz diagonally across from the Isartor inn.&nbsp;<\/p>\n\n\n\n<p>For better planning, please reserve by email. Thanks very much!<\/p>\n\n\n\n<p><\/p>\n\n\n\n<p><em>Note: As with other city tours, everyone involved is their own lucky maker - participation is therefore at your own risk. Further claims are excluded. Your contact details will not be passed on to others.<\/em><\/p>\n<\/div>\n\n\n\n<div class=\"wp-block-column is-layout-flow wp-block-column-is-layout-flow\" style=\"flex-basis:50%\">\n<div class=\"wp-block-contact-form-7-contact-form-selector\">\n<div class=\"wpcf7 no-js\" id=\"wpcf7-f37-o1\" lang=\"de-DE\" dir=\"ltr\" data-wpcf7-id=\"37\">\n<div class=\"screen-reader-response\"><p role=\"status\" aria-live=\"polite\" aria-atomic=\"true\"><\/p> <ul><\/ul><\/div>\n<form action=\"\/en\/wp-json\/wp\/v2\/pages\/13#wpcf7-f37-o1\" method=\"post\" class=\"wpcf7-form init\" aria-label=\"contact form\" novalidate=\"novalidate\" data-status=\"init\" data-trp-original-action=\"\/en\/wp-json\/wp\/v2\/pages\/13#wpcf7-f37-o1\">\n<fieldset class=\"hidden-fields-container\"><input type=\"hidden\" name=\"_wpcf7\" value=\"37\" \/><input type=\"hidden\" name=\"_wpcf7_version\" value=\"6.1.5\" \/><input type=\"hidden\" name=\"_wpcf7_locale\" value=\"de_DE\" \/><input type=\"hidden\" name=\"_wpcf7_unit_tag\" value=\"wpcf7-f37-o1\" \/><input type=\"hidden\" name=\"_wpcf7_container_post\" value=\"0\" \/><input type=\"hidden\" name=\"_wpcf7_posted_data_hash\" value=\"\" \/>\n<\/fieldset>\n<p><label> Your name*<br \/>\n<span class=\"wpcf7-form-control-wrap\" data-name=\"your-name\"><input size=\"40\" maxlength=\"400\" class=\"wpcf7-form-control wpcf7-text wpcf7-validates-as-required\" aria-required=\"true\" aria-invalid=\"false\" value=\"\" type=\"text\" name=\"your-name\" \/><\/span> <\/label>\n<\/p>\n<p><label> Your e-mail address*<br \/>\n<span class=\"wpcf7-form-control-wrap\" data-name=\"your-email\"><input size=\"40\" maxlength=\"400\" class=\"wpcf7-form-control wpcf7-email wpcf7-validates-as-required wpcf7-text wpcf7-validates-as-email\" aria-required=\"true\" aria-invalid=\"false\" value=\"\" type=\"email\" name=\"your-email\" \/><\/span> <\/label>\n<\/p>\n<p><label> Your message (optional)<br \/>\n<span class=\"wpcf7-form-control-wrap\" data-name=\"your-message\"><textarea cols=\"40\" rows=\"10\" maxlength=\"2000\" class=\"wpcf7-form-control wpcf7-textarea\" aria-invalid=\"false\" name=\"your-message\"><\/textarea><\/span> <\/label>\n<\/p>\n<div class=\"datenschutz-wrap\">\n\t<p><span class=\"wpcf7-form-control-wrap\" data-name=\"zustimmung-ds\"><span class=\"wpcf7-form-control wpcf7-acceptance\"><span class=\"wpcf7-list-item\"><input type=\"checkbox\" name=\"zustimmung-ds\" value=\"1\" aria-invalid=\"false\" \/><\/span><\/span><\/span><span class=\"description\">(please check the box) I agree that my data will be used to process my request. Further information and revocation notices can be found in the <a href=\"\/en\/datenschutzerklaerung\/\">privacy statement<\/a>.<\/span>\n\t<\/p>\n<\/div>\n<p><input class=\"wpcf7-form-control wpcf7-submit has-spinner\" type=\"submit\" value=\"Register for the tour\" \/>\n<\/p><div class=\"wpcf7-response-output\" aria-hidden=\"true\"><\/div>\n<input type=\"hidden\" name=\"trp-form-language\" value=\"en\"\/><\/form>\n<\/div>\n<\/div>\n<\/div>\n<\/div>","protected":false},"excerpt":{"rendered":"<p>Hier k\u00f6nnen Sie sich f\u00fcr eine rund einst\u00fcndige private F\u00fchrung vom Isartor zum Alten Rathausturm mit dem Initiator und Architekten Markus Uhrig anmelden. Die F\u00fchrung ist kostenlos und findet bei jedem Wetter statt.&nbsp; W\u00e4hrend der F\u00fchrung wird Ihnen Herr Uhrig sein st\u00e4dteplanerisches Konzept darlegen und freut sich mit allen Interessenten auf einen regen Gedanken- und [&hellip;]<\/p>\n","protected":false},"author":1,"featured_media":40,"parent":0,"menu_order":0,"comment_status":"closed","ping_status":"closed","template":"","meta":{"footnotes":""},"class_list":["post-13","page","type-page","status-publish","has-post-thumbnail","hentry"],"yoast_head":"<!-- This site is optimized with the Yoast SEO plugin v27.4 - https:\/\/yoast.com\/product\/yoast-seo-wordpress\/ -->\n<title>zur f\u00fchrung anmelden - belebtes tal<\/title>\n<meta name=\"robots\" content=\"index, follow, max-snippet:-1, max-image-preview:large, max-video-preview:-1\" \/>\n<link rel=\"canonical\" href=\"https:\/\/isartor-neugestaltung-muenchen.com\/en\/zur-fuehrung-anmelden\/\" \/>\n<meta property=\"og:locale\" content=\"en_GB\" \/>\n<meta property=\"og:type\" content=\"article\" \/>\n<meta property=\"og:title\" content=\"zur f\u00fchrung anmelden - belebtes tal\" \/>\n<meta property=\"og:description\" content=\"Hier k\u00f6nnen Sie sich f\u00fcr eine rund einst\u00fcndige private F\u00fchrung vom Isartor zum Alten Rathausturm mit dem Initiator und Architekten Markus Uhrig anmelden. Die F\u00fchrung ist kostenlos und findet bei jedem Wetter statt.&nbsp; W\u00e4hrend der F\u00fchrung wird Ihnen Herr Uhrig sein st\u00e4dteplanerisches Konzept darlegen und freut sich mit allen Interessenten auf einen regen Gedanken- und [&hellip;]\" \/>\n<meta property=\"og:url\" content=\"https:\/\/isartor-neugestaltung-muenchen.com\/en\/zur-fuehrung-anmelden\/\" \/>\n<meta property=\"og:site_name\" content=\"belebtes tal\" \/>\n<meta property=\"article:modified_time\" content=\"2021-08-10T10:59:29+00:00\" \/>\n<meta property=\"og:image\" content=\"https:\/\/isartor-neugestaltung-muenchen.com\/wp-content\/uploads\/2021\/06\/header-02.jpg\" \/>\n\t<meta property=\"og:image:width\" content=\"2000\" \/>\n\t<meta property=\"og:image:height\" content=\"366\" \/>\n\t<meta property=\"og:image:type\" content=\"image\/jpeg\" \/>\n<meta name=\"twitter:card\" content=\"summary_large_image\" \/>\n<meta name=\"twitter:label1\" content=\"Estimated reading time\" \/>\n\t<meta name=\"twitter:data1\" content=\"1 minute\" \/>\n<script type=\"application\/ld+json\" class=\"yoast-schema-graph\">{\"@context\":\"https:\\\/\\\/schema.org\",\"@graph\":[{\"@type\":\"WebPage\",\"@id\":\"https:\\\/\\\/isartor-neugestaltung-muenchen.com\\\/zur-fuehrung-anmelden\\\/\",\"url\":\"https:\\\/\\\/isartor-neugestaltung-muenchen.com\\\/zur-fuehrung-anmelden\\\/\",\"name\":\"zur f\u00fchrung anmelden - belebtes tal\",\"isPartOf\":{\"@id\":\"https:\\\/\\\/isartor-neugestaltung-muenchen.com\\\/#website\"},\"primaryImageOfPage\":{\"@id\":\"https:\\\/\\\/isartor-neugestaltung-muenchen.com\\\/zur-fuehrung-anmelden\\\/#primaryimage\"},\"image\":{\"@id\":\"https:\\\/\\\/isartor-neugestaltung-muenchen.com\\\/zur-fuehrung-anmelden\\\/#primaryimage\"},\"thumbnailUrl\":\"https:\\\/\\\/isartor-neugestaltung-muenchen.com\\\/wp-content\\\/uploads\\\/2021\\\/06\\\/header-02.jpg\",\"datePublished\":\"2021-05-14T12:10:58+00:00\",\"dateModified\":\"2021-08-10T10:59:29+00:00\",\"breadcrumb\":{\"@id\":\"https:\\\/\\\/isartor-neugestaltung-muenchen.com\\\/zur-fuehrung-anmelden\\\/#breadcrumb\"},\"inLanguage\":\"en-GB\",\"potentialAction\":[{\"@type\":\"ReadAction\",\"target\":[\"https:\\\/\\\/isartor-neugestaltung-muenchen.com\\\/zur-fuehrung-anmelden\\\/\"]}]},{\"@type\":\"ImageObject\",\"inLanguage\":\"en-GB\",\"@id\":\"https:\\\/\\\/isartor-neugestaltung-muenchen.com\\\/zur-fuehrung-anmelden\\\/#primaryimage\",\"url\":\"https:\\\/\\\/isartor-neugestaltung-muenchen.com\\\/wp-content\\\/uploads\\\/2021\\\/06\\\/header-02.jpg\",\"contentUrl\":\"https:\\\/\\\/isartor-neugestaltung-muenchen.com\\\/wp-content\\\/uploads\\\/2021\\\/06\\\/header-02.jpg\",\"width\":2000,\"height\":366},{\"@type\":\"BreadcrumbList\",\"@id\":\"https:\\\/\\\/isartor-neugestaltung-muenchen.com\\\/zur-fuehrung-anmelden\\\/#breadcrumb\",\"itemListElement\":[{\"@type\":\"ListItem\",\"position\":1,\"name\":\"Startseite\",\"item\":\"https:\\\/\\\/isartor-neugestaltung-muenchen.com\\\/\"},{\"@type\":\"ListItem\",\"position\":2,\"name\":\"zur f\u00fchrung anmelden\"}]},{\"@type\":\"WebSite\",\"@id\":\"https:\\\/\\\/isartor-neugestaltung-muenchen.com\\\/#website\",\"url\":\"https:\\\/\\\/isartor-neugestaltung-muenchen.com\\\/\",\"name\":\"belebtes tal\",\"description\":\"\",\"potentialAction\":[{\"@type\":\"SearchAction\",\"target\":{\"@type\":\"EntryPoint\",\"urlTemplate\":\"https:\\\/\\\/isartor-neugestaltung-muenchen.com\\\/?s={search_term_string}\"},\"query-input\":{\"@type\":\"PropertyValueSpecification\",\"valueRequired\":true,\"valueName\":\"search_term_string\"}}],\"inLanguage\":\"en-GB\"}]}<\/script>\n<!-- \/ Yoast SEO plugin. -->","yoast_head_json":{"title":"zur f\u00fchrung anmelden - belebtes tal","robots":{"index":"index","follow":"follow","max-snippet":"max-snippet:-1","max-image-preview":"max-image-preview:large","max-video-preview":"max-video-preview:-1"},"canonical":"https:\/\/isartor-neugestaltung-muenchen.com\/en\/zur-fuehrung-anmelden\/","og_locale":"en_GB","og_type":"article","og_title":"zur f\u00fchrung anmelden - belebtes tal","og_description":"Hier k\u00f6nnen Sie sich f\u00fcr eine rund einst\u00fcndige private F\u00fchrung vom Isartor zum Alten Rathausturm mit dem Initiator und Architekten Markus Uhrig anmelden. Die F\u00fchrung ist kostenlos und findet bei jedem Wetter statt.&nbsp; W\u00e4hrend der F\u00fchrung wird Ihnen Herr Uhrig sein st\u00e4dteplanerisches Konzept darlegen und freut sich mit allen Interessenten auf einen regen Gedanken- und [&hellip;]","og_url":"https:\/\/isartor-neugestaltung-muenchen.com\/en\/zur-fuehrung-anmelden\/","og_site_name":"belebtes tal","article_modified_time":"2021-08-10T10:59:29+00:00","og_image":[{"width":2000,"height":366,"url":"https:\/\/isartor-neugestaltung-muenchen.com\/wp-content\/uploads\/2021\/06\/header-02.jpg","type":"image\/jpeg"}],"twitter_card":"summary_large_image","twitter_misc":{"Estimated reading time":"1 minute"},"schema":{"@context":"https:\/\/schema.org","@graph":[{"@type":"WebPage","@id":"https:\/\/isartor-neugestaltung-muenchen.com\/zur-fuehrung-anmelden\/","url":"https:\/\/isartor-neugestaltung-muenchen.com\/zur-fuehrung-anmelden\/","name":"zur f\u00fchrung anmelden - belebtes tal","isPartOf":{"@id":"https:\/\/isartor-neugestaltung-muenchen.com\/#website"},"primaryImageOfPage":{"@id":"https:\/\/isartor-neugestaltung-muenchen.com\/zur-fuehrung-anmelden\/#primaryimage"},"image":{"@id":"https:\/\/isartor-neugestaltung-muenchen.com\/zur-fuehrung-anmelden\/#primaryimage"},"thumbnailUrl":"https:\/\/isartor-neugestaltung-muenchen.com\/wp-content\/uploads\/2021\/06\/header-02.jpg","datePublished":"2021-05-14T12:10:58+00:00","dateModified":"2021-08-10T10:59:29+00:00","breadcrumb":{"@id":"https:\/\/isartor-neugestaltung-muenchen.com\/zur-fuehrung-anmelden\/#breadcrumb"},"inLanguage":"en-GB","potentialAction":[{"@type":"ReadAction","target":["https:\/\/isartor-neugestaltung-muenchen.com\/zur-fuehrung-anmelden\/"]}]},{"@type":"ImageObject","inLanguage":"en-GB","@id":"https:\/\/isartor-neugestaltung-muenchen.com\/zur-fuehrung-anmelden\/#primaryimage","url":"https:\/\/isartor-neugestaltung-muenchen.com\/wp-content\/uploads\/2021\/06\/header-02.jpg","contentUrl":"https:\/\/isartor-neugestaltung-muenchen.com\/wp-content\/uploads\/2021\/06\/header-02.jpg","width":2000,"height":366},{"@type":"BreadcrumbList","@id":"https:\/\/isartor-neugestaltung-muenchen.com\/zur-fuehrung-anmelden\/#breadcrumb","itemListElement":[{"@type":"ListItem","position":1,"name":"Startseite","item":"https:\/\/isartor-neugestaltung-muenchen.com\/"},{"@type":"ListItem","position":2,"name":"zur f\u00fchrung anmelden"}]},{"@type":"WebSite","@id":"https:\/\/isartor-neugestaltung-muenchen.com\/#website","url":"https:\/\/isartor-neugestaltung-muenchen.com\/","name":"belebtes tal","description":"","potentialAction":[{"@type":"SearchAction","target":{"@type":"EntryPoint","urlTemplate":"https:\/\/isartor-neugestaltung-muenchen.com\/?s={search_term_string}"},"query-input":{"@type":"PropertyValueSpecification","valueRequired":true,"valueName":"search_term_string"}}],"inLanguage":"en-GB"}]}},"_links":{"self":[{"href":"https:\/\/isartor-neugestaltung-muenchen.com\/en\/wp-json\/wp\/v2\/pages\/13","targetHints":{"allow":["GET"]}}],"collection":[{"href":"https:\/\/isartor-neugestaltung-muenchen.com\/en\/wp-json\/wp\/v2\/pages"}],"about":[{"href":"https:\/\/isartor-neugestaltung-muenchen.com\/en\/wp-json\/wp\/v2\/types\/page"}],"author":[{"embeddable":true,"href":"https:\/\/isartor-neugestaltung-muenchen.com\/en\/wp-json\/wp\/v2\/users\/1"}],"replies":[{"embeddable":true,"href":"https:\/\/isartor-neugestaltung-muenchen.com\/en\/wp-json\/wp\/v2\/comments?post=13"}],"version-history":[{"count":13,"href":"https:\/\/isartor-neugestaltung-muenchen.com\/en\/wp-json\/wp\/v2\/pages\/13\/revisions"}],"predecessor-version":[{"id":216,"href":"https:\/\/isartor-neugestaltung-muenchen.com\/en\/wp-json\/wp\/v2\/pages\/13\/revisions\/216"}],"wp:featuredmedia":[{"embeddable":true,"href":"https:\/\/isartor-neugestaltung-muenchen.com\/en\/wp-json\/wp\/v2\/media\/40"}],"wp:attachment":[{"href":"https:\/\/isartor-neugestaltung-muenchen.com\/en\/wp-json\/wp\/v2\/media?parent=13"}],"curies":[{"name":"wp","href":"https:\/\/api.w.org\/{rel}","templated":true}]}}